{"id":1498,"date":"2024-01-10T12:20:28","date_gmt":"2024-01-10T11:20:28","guid":{"rendered":"https:\/\/agencejyla.fr\/?page_id=1498"},"modified":"2024-01-10T12:27:25","modified_gmt":"2024-01-10T11:27:25","slug":"le-kap-numerik","status":"publish","type":"page","link":"https:\/\/agencejyla.fr\/index.php\/le-kap-numerik\/","title":{"rendered":"Le Kap num\u00e9rik"},"content":{"rendered":"\t\t<div data-elementor-type=\"wp-page\" data-elementor-id=\"1498\" class=\"elementor elementor-1498\" data-elementor-post-type=\"page\">\n\t\t\t\t\t\t<section class=\"elementor-section elementor-top-section elementor-element elementor-element-5a524c08 elementor-section-height-min-height elementor-section-items-stretch elementor-section-content-bottom elementor-reverse-tablet elementor-section-boxed elementor-section-height-default\" data-id=\"5a524c08\" data-element_type=\"section\" data-e-type=\"section\" data-settings=\"{&quot;background_background&quot;:&quot;classic&quot;}\">\n\t\t\t\t\t\t<div class=\"elementor-container elementor-column-gap-no\">\n\t\t\t\t\t<div class=\"elementor-column elementor-col-50 elementor-top-column elementor-element elementor-element-5f821da4\" data-id=\"5f821da4\" data-element_type=\"column\" data-e-type=\"column\">\n\t\t\t<div class=\"elementor-widget-wrap elementor-element-populated\">\n\t\t\t\t\t\t<div class=\"elementor-element elementor-element-231a859f elementor-invisible elementor-widget elementor-widget-image\" data-id=\"231a859f\" data-element_type=\"widget\" data-e-type=\"widget\" data-settings=\"{&quot;_animation&quot;:&quot;slideInDown&quot;}\" data-widget_type=\"image.default\">\n\t\t\t\t<div class=\"elementor-widget-container\">\n\t\t\t\t\t\t\t\t\t\t\t\t\t\t\t<img fetchpriority=\"high\" decoding=\"async\" width=\"800\" height=\"534\" src=\"https:\/\/agencejyla.fr\/wp-content\/uploads\/2023\/09\/mains-tenant-concept-medias-sociaux-smartphone-1024x683.jpg\" class=\"attachment-large size-large wp-image-898\" alt=\"Le r\u00f4le essentiel des r\u00e9seaux sociaux dans votre strat\u00e9gie de communication - tarifs\" srcset=\"https:\/\/agencejyla.fr\/wp-content\/uploads\/2023\/09\/mains-tenant-concept-medias-sociaux-smartphone-1024x683.jpg 1024w, https:\/\/agencejyla.fr\/wp-content\/uploads\/2023\/09\/mains-tenant-concept-medias-sociaux-smartphone-300x200.jpg 300w, https:\/\/agencejyla.fr\/wp-content\/uploads\/2023\/09\/mains-tenant-concept-medias-sociaux-smartphone-768x512.jpg 768w, https:\/\/agencejyla.fr\/wp-content\/uploads\/2023\/09\/mains-tenant-concept-medias-sociaux-smartphone-1536x1024.jpg 1536w, https:\/\/agencejyla.fr\/wp-content\/uploads\/2023\/09\/mains-tenant-concept-medias-sociaux-smartphone-2048x1365.jpg 2048w\" sizes=\"(max-width: 800px) 100vw, 800px\" \/>\t\t\t\t\t\t\t\t\t\t\t\t\t\t\t<\/div>\n\t\t\t\t<\/div>\n\t\t\t\t\t<\/div>\n\t\t<\/div>\n\t\t\t\t<div class=\"elementor-column elementor-col-50 elementor-top-column elementor-element elementor-element-4b9798dc\" data-id=\"4b9798dc\" data-element_type=\"column\" data-e-type=\"column\" data-settings=\"{&quot;background_background&quot;:&quot;classic&quot;}\">\n\t\t\t<div class=\"elementor-widget-wrap elementor-element-populated\">\n\t\t\t\t\t\t<div class=\"elementor-element elementor-element-62d7bcc9 elementor-invisible elementor-widget elementor-widget-heading\" data-id=\"62d7bcc9\" data-element_type=\"widget\" data-e-type=\"widget\" data-settings=\"{&quot;_animation&quot;:&quot;fadeInUp&quot;,&quot;_animation_delay&quot;:200}\" data-widget_type=\"heading.default\">\n\t\t\t\t<div class=\"elementor-widget-container\">\n\t\t\t\t\t<h1 class=\"elementor-heading-title elementor-size-default\">Le kap num\u00e9rik <\/h1>\t\t\t\t<\/div>\n\t\t\t\t<\/div>\n\t\t\t\t<div class=\"elementor-element elementor-element-3c8bf31 elementor-widget elementor-widget-heading\" data-id=\"3c8bf31\" data-element_type=\"widget\" data-e-type=\"widget\" data-widget_type=\"heading.default\">\n\t\t\t\t<div class=\"elementor-widget-container\">\n\t\t\t\t\t<h2 class=\"elementor-heading-title elementor-size-default\">Ajoutez votre titre ici<\/h2>\t\t\t\t<\/div>\n\t\t\t\t<\/div>\n\t\t\t\t<div class=\"elementor-element elementor-element-295ead98 elementor-invisible elementor-widget elementor-widget-text-editor\" data-id=\"295ead98\" data-element_type=\"widget\" data-e-type=\"widget\" data-settings=\"{&quot;_animation&quot;:&quot;fadeInUp&quot;,&quot;_animation_delay&quot;:400}\" data-widget_type=\"text-editor.default\">\n\t\t\t\t<div class=\"elementor-widget-container\">\n\t\t\t\t\t\t\t\t\t<p>Le Kap num\u00e9rik version 2023 (pr\u00e9c\u00e9demment appel\u00e9 Ch\u00e8que num\u00e9rique) est un dispositif r\u00e9gional cofinanc\u00e9 par l\u2019Union Europ\u00e9enne et la R\u00e9gion.<\/p><p>Cette aide est un remboursement de 3200 \u20ac maximum qui vise \u00e0 soutenir les projets digitaux des petites structures r\u00e9unionnaises.<\/p>\t\t\t\t\t\t\t\t<\/div>\n\t\t\t\t<\/div>\n\t\t\t\t<div class=\"elementor-element elementor-element-2f54aba5 elementor-widget__width-initial elementor-widget-tablet__width-inherit elementor-widget-mobile__width-inherit elementor-absolute elementor-widget elementor-widget-spacer\" data-id=\"2f54aba5\" data-element_type=\"widget\" data-e-type=\"widget\" data-settings=\"{&quot;_position&quot;:&quot;absolute&quot;}\" data-widget_type=\"spacer.default\">\n\t\t\t\t<div class=\"elementor-widget-container\">\n\t\t\t\t\t\t\t<div class=\"elementor-spacer\">\n\t\t\t<div class=\"elementor-spacer-inner\"><\/div>\n\t\t<\/div>\n\t\t\t\t\t\t<\/div>\n\t\t\t\t<\/div>\n\t\t\t\t<div class=\"elementor-element elementor-element-bb1289f elementor-widget elementor-widget-button\" data-id=\"bb1289f\" data-element_type=\"widget\" data-e-type=\"widget\" data-widget_type=\"button.default\">\n\t\t\t\t<div class=\"elementor-widget-container\">\n\t\t\t\t\t\t\t\t\t<div class=\"elementor-button-wrapper\">\n\t\t\t\t\t<a class=\"elementor-button elementor-button-link elementor-size-sm\" href=\"https:\/\/regionreunion.com\/aides-services\/article\/le-kap-numerik-version-2023-programme-europeen-feder-2021-2027\" target=\"_blank\">\n\t\t\t\t\t\t<span class=\"elementor-button-content-wrapper\">\n\t\t\t\t\t\t\t\t\t<span class=\"elementor-button-text\">Cliquez ici pour plus d'informations sur le Kap num\u00e9rik !<\/span>\n\t\t\t\t\t<\/span>\n\t\t\t\t\t<\/a>\n\t\t\t\t<\/div>\n\t\t\t\t\t\t\t\t<\/div>\n\t\t\t\t<\/div>\n\t\t\t\t\t<\/div>\n\t\t<\/div>\n\t\t\t\t\t<\/div>\n\t\t<\/section>\n\t\t\t\t<section class=\"elementor-section elementor-top-section elementor-element elementor-element-ebe2eb3 elementor-section-boxed elementor-section-height-default elementor-section-height-default\" data-id=\"ebe2eb3\" data-element_type=\"section\" data-e-type=\"section\">\n\t\t\t\t\t\t<div class=\"elementor-container elementor-column-gap-default\">\n\t\t\t\t\t<div class=\"elementor-column elementor-col-100 elementor-top-column elementor-element elementor-element-0441482\" data-id=\"0441482\" data-element_type=\"column\" data-e-type=\"column\">\n\t\t\t<div class=\"elementor-widget-wrap elementor-element-populated\">\n\t\t\t\t\t\t<div class=\"elementor-element elementor-element-a81fc84 elementor-widget elementor-widget-spacer\" data-id=\"a81fc84\" data-element_type=\"widget\" data-e-type=\"widget\" data-widget_type=\"spacer.default\">\n\t\t\t\t<div class=\"elementor-widget-container\">\n\t\t\t\t\t\t\t<div class=\"elementor-spacer\">\n\t\t\t<div class=\"elementor-spacer-inner\"><\/div>\n\t\t<\/div>\n\t\t\t\t\t\t<\/div>\n\t\t\t\t<\/div>\n\t\t\t\t\t<\/div>\n\t\t<\/div>\n\t\t\t\t\t<\/div>\n\t\t<\/section>\n\t\t\t\t<\/div>\n\t\t","protected":false},"excerpt":{"rendered":"<p>Le kap num\u00e9rik Ajoutez votre titre ici Le Kap num\u00e9rik version 2023 (pr\u00e9c\u00e9demment appel\u00e9 Ch\u00e8que num\u00e9rique) est un dispositif r\u00e9gional cofinanc\u00e9 par l\u2019Union Europ\u00e9enne et la R\u00e9gion. Cette aide est un remboursement de 3200 \u20ac maximum qui vise \u00e0 soutenir les projets digitaux des petites structures r\u00e9unionnaises. Cliquez ici pour plus d&#8217;informations sur le Kap [&hellip;]<\/p>\n","protected":false},"author":1,"featured_media":0,"parent":0,"menu_order":0,"comment_status":"closed","ping_status":"closed","template":"","meta":{"footnotes":""},"class_list":["post-1498","page","type-page","status-publish","hentry"],"yoast_head":"<!-- This site is optimized with the Yoast SEO plugin v27.5 - https:\/\/yoast.com\/product\/yoast-seo-wordpress\/ -->\n<title>Le Kap num\u00e9rik - Agence jyla<\/title>\n<meta name=\"robots\" content=\"index, follow, max-snippet:-1, max-image-preview:large, max-video-preview:-1\" \/>\n<link rel=\"canonical\" href=\"https:\/\/agencejyla.fr\/index.php\/le-kap-numerik\/\" \/>\n<meta property=\"og:locale\" content=\"en_US\" \/>\n<meta property=\"og:type\" content=\"article\" \/>\n<meta property=\"og:title\" content=\"Le Kap num\u00e9rik - Agence jyla\" \/>\n<meta property=\"og:description\" content=\"Le kap num\u00e9rik Ajoutez votre titre ici Le Kap num\u00e9rik version 2023 (pr\u00e9c\u00e9demment appel\u00e9 Ch\u00e8que num\u00e9rique) est un dispositif r\u00e9gional cofinanc\u00e9 par l\u2019Union Europ\u00e9enne et la R\u00e9gion. Cette aide est un remboursement de 3200 \u20ac maximum qui vise \u00e0 soutenir les projets digitaux des petites structures r\u00e9unionnaises. Cliquez ici pour plus d&#8217;informations sur le Kap [&hellip;]\" \/>\n<meta property=\"og:url\" content=\"https:\/\/agencejyla.fr\/index.php\/le-kap-numerik\/\" \/>\n<meta property=\"og:site_name\" content=\"Agence jyla\" \/>\n<meta property=\"article:publisher\" content=\"https:\/\/www.facebook.com\/profile.php?id=61550855506717&amp;mibextid=9R9pXO\" \/>\n<meta property=\"article:modified_time\" content=\"2024-01-10T11:27:25+00:00\" \/>\n<meta property=\"og:image\" content=\"http:\/\/agencejyla.fr\/wp-content\/uploads\/2023\/09\/mains-tenant-concept-medias-sociaux-smartphone-1024x683.jpg\" \/>\n<meta name=\"twitter:card\" content=\"summary_large_image\" \/>\n<meta name=\"twitter:label1\" content=\"Est. reading time\" \/>\n\t<meta name=\"twitter:data1\" content=\"1 minute\" \/>\n<script type=\"application\/ld+json\" class=\"yoast-schema-graph\">{\"@context\":\"https:\\\/\\\/schema.org\",\"@graph\":[{\"@type\":\"WebPage\",\"@id\":\"https:\\\/\\\/agencejyla.fr\\\/index.php\\\/le-kap-numerik\\\/\",\"url\":\"https:\\\/\\\/agencejyla.fr\\\/index.php\\\/le-kap-numerik\\\/\",\"name\":\"Le Kap num\u00e9rik - Agence jyla\",\"isPartOf\":{\"@id\":\"https:\\\/\\\/agencejyla.fr\\\/#website\"},\"primaryImageOfPage\":{\"@id\":\"https:\\\/\\\/agencejyla.fr\\\/index.php\\\/le-kap-numerik\\\/#primaryimage\"},\"image\":{\"@id\":\"https:\\\/\\\/agencejyla.fr\\\/index.php\\\/le-kap-numerik\\\/#primaryimage\"},\"thumbnailUrl\":\"http:\\\/\\\/agencejyla.fr\\\/wp-content\\\/uploads\\\/2023\\\/09\\\/mains-tenant-concept-medias-sociaux-smartphone-1024x683.jpg\",\"datePublished\":\"2024-01-10T11:20:28+00:00\",\"dateModified\":\"2024-01-10T11:27:25+00:00\",\"breadcrumb\":{\"@id\":\"https:\\\/\\\/agencejyla.fr\\\/index.php\\\/le-kap-numerik\\\/#breadcrumb\"},\"inLanguage\":\"en-US\",\"potentialAction\":[{\"@type\":\"ReadAction\",\"target\":[\"https:\\\/\\\/agencejyla.fr\\\/index.php\\\/le-kap-numerik\\\/\"]}]},{\"@type\":\"ImageObject\",\"inLanguage\":\"en-US\",\"@id\":\"https:\\\/\\\/agencejyla.fr\\\/index.php\\\/le-kap-numerik\\\/#primaryimage\",\"url\":\"https:\\\/\\\/agencejyla.fr\\\/wp-content\\\/uploads\\\/2023\\\/09\\\/mains-tenant-concept-medias-sociaux-smartphone-scaled.jpg\",\"contentUrl\":\"https:\\\/\\\/agencejyla.fr\\\/wp-content\\\/uploads\\\/2023\\\/09\\\/mains-tenant-concept-medias-sociaux-smartphone-scaled.jpg\",\"width\":2560,\"height\":1707,\"caption\":\"Le r\u00f4le essentiel des r\u00e9seaux sociaux dans votre strat\u00e9gie de communication - tarifs\"},{\"@type\":\"BreadcrumbList\",\"@id\":\"https:\\\/\\\/agencejyla.fr\\\/index.php\\\/le-kap-numerik\\\/#breadcrumb\",\"itemListElement\":[{\"@type\":\"ListItem\",\"position\":1,\"name\":\"Accueil\",\"item\":\"https:\\\/\\\/agencejyla.fr\\\/\"},{\"@type\":\"ListItem\",\"position\":2,\"name\":\"Le Kap num\u00e9rik\"}]},{\"@type\":\"WebSite\",\"@id\":\"https:\\\/\\\/agencejyla.fr\\\/#website\",\"url\":\"https:\\\/\\\/agencejyla.fr\\\/\",\"name\":\"Agence jyla\",\"description\":\"\",\"publisher\":{\"@id\":\"https:\\\/\\\/agencejyla.fr\\\/#organization\"},\"potentialAction\":[{\"@type\":\"SearchAction\",\"target\":{\"@type\":\"EntryPoint\",\"urlTemplate\":\"https:\\\/\\\/agencejyla.fr\\\/?s={search_term_string}\"},\"query-input\":{\"@type\":\"PropertyValueSpecification\",\"valueRequired\":true,\"valueName\":\"search_term_string\"}}],\"inLanguage\":\"en-US\"},{\"@type\":\"Organization\",\"@id\":\"https:\\\/\\\/agencejyla.fr\\\/#organization\",\"name\":\"Agence jyla\",\"url\":\"https:\\\/\\\/agencejyla.fr\\\/\",\"logo\":{\"@type\":\"ImageObject\",\"inLanguage\":\"en-US\",\"@id\":\"https:\\\/\\\/agencejyla.fr\\\/#\\\/schema\\\/logo\\\/image\\\/\",\"url\":\"https:\\\/\\\/agencejyla.fr\\\/wp-content\\\/uploads\\\/2023\\\/09\\\/LOGO2.png\",\"contentUrl\":\"https:\\\/\\\/agencejyla.fr\\\/wp-content\\\/uploads\\\/2023\\\/09\\\/LOGO2.png\",\"width\":5000,\"height\":5000,\"caption\":\"Agence jyla\"},\"image\":{\"@id\":\"https:\\\/\\\/agencejyla.fr\\\/#\\\/schema\\\/logo\\\/image\\\/\"},\"sameAs\":[\"https:\\\/\\\/www.facebook.com\\\/profile.php?id=61550855506717&mibextid=9R9pXO\",\"https:\\\/\\\/www.instagram.com\\\/agencejyla\\\/\"]}]}<\/script>\n<!-- \/ Yoast SEO plugin. -->","yoast_head_json":{"title":"Le Kap num\u00e9rik - Agence jyla","robots":{"index":"index","follow":"follow","max-snippet":"max-snippet:-1","max-image-preview":"max-image-preview:large","max-video-preview":"max-video-preview:-1"},"canonical":"https:\/\/agencejyla.fr\/index.php\/le-kap-numerik\/","og_locale":"en_US","og_type":"article","og_title":"Le Kap num\u00e9rik - Agence jyla","og_description":"Le kap num\u00e9rik Ajoutez votre titre ici Le Kap num\u00e9rik version 2023 (pr\u00e9c\u00e9demment appel\u00e9 Ch\u00e8que num\u00e9rique) est un dispositif r\u00e9gional cofinanc\u00e9 par l\u2019Union Europ\u00e9enne et la R\u00e9gion. Cette aide est un remboursement de 3200 \u20ac maximum qui vise \u00e0 soutenir les projets digitaux des petites structures r\u00e9unionnaises. Cliquez ici pour plus d&#8217;informations sur le Kap [&hellip;]","og_url":"https:\/\/agencejyla.fr\/index.php\/le-kap-numerik\/","og_site_name":"Agence jyla","article_publisher":"https:\/\/www.facebook.com\/profile.php?id=61550855506717&mibextid=9R9pXO","article_modified_time":"2024-01-10T11:27:25+00:00","og_image":[{"url":"http:\/\/agencejyla.fr\/wp-content\/uploads\/2023\/09\/mains-tenant-concept-medias-sociaux-smartphone-1024x683.jpg","type":"","width":"","height":""}],"twitter_card":"summary_large_image","twitter_misc":{"Est. reading time":"1 minute"},"schema":{"@context":"https:\/\/schema.org","@graph":[{"@type":"WebPage","@id":"https:\/\/agencejyla.fr\/index.php\/le-kap-numerik\/","url":"https:\/\/agencejyla.fr\/index.php\/le-kap-numerik\/","name":"Le Kap num\u00e9rik - Agence jyla","isPartOf":{"@id":"https:\/\/agencejyla.fr\/#website"},"primaryImageOfPage":{"@id":"https:\/\/agencejyla.fr\/index.php\/le-kap-numerik\/#primaryimage"},"image":{"@id":"https:\/\/agencejyla.fr\/index.php\/le-kap-numerik\/#primaryimage"},"thumbnailUrl":"http:\/\/agencejyla.fr\/wp-content\/uploads\/2023\/09\/mains-tenant-concept-medias-sociaux-smartphone-1024x683.jpg","datePublished":"2024-01-10T11:20:28+00:00","dateModified":"2024-01-10T11:27:25+00:00","breadcrumb":{"@id":"https:\/\/agencejyla.fr\/index.php\/le-kap-numerik\/#breadcrumb"},"inLanguage":"en-US","potentialAction":[{"@type":"ReadAction","target":["https:\/\/agencejyla.fr\/index.php\/le-kap-numerik\/"]}]},{"@type":"ImageObject","inLanguage":"en-US","@id":"https:\/\/agencejyla.fr\/index.php\/le-kap-numerik\/#primaryimage","url":"https:\/\/agencejyla.fr\/wp-content\/uploads\/2023\/09\/mains-tenant-concept-medias-sociaux-smartphone-scaled.jpg","contentUrl":"https:\/\/agencejyla.fr\/wp-content\/uploads\/2023\/09\/mains-tenant-concept-medias-sociaux-smartphone-scaled.jpg","width":2560,"height":1707,"caption":"Le r\u00f4le essentiel des r\u00e9seaux sociaux dans votre strat\u00e9gie de communication - tarifs"},{"@type":"BreadcrumbList","@id":"https:\/\/agencejyla.fr\/index.php\/le-kap-numerik\/#breadcrumb","itemListElement":[{"@type":"ListItem","position":1,"name":"Accueil","item":"https:\/\/agencejyla.fr\/"},{"@type":"ListItem","position":2,"name":"Le Kap num\u00e9rik"}]},{"@type":"WebSite","@id":"https:\/\/agencejyla.fr\/#website","url":"https:\/\/agencejyla.fr\/","name":"Agence jyla","description":"","publisher":{"@id":"https:\/\/agencejyla.fr\/#organization"},"potentialAction":[{"@type":"SearchAction","target":{"@type":"EntryPoint","urlTemplate":"https:\/\/agencejyla.fr\/?s={search_term_string}"},"query-input":{"@type":"PropertyValueSpecification","valueRequired":true,"valueName":"search_term_string"}}],"inLanguage":"en-US"},{"@type":"Organization","@id":"https:\/\/agencejyla.fr\/#organization","name":"Agence jyla","url":"https:\/\/agencejyla.fr\/","logo":{"@type":"ImageObject","inLanguage":"en-US","@id":"https:\/\/agencejyla.fr\/#\/schema\/logo\/image\/","url":"https:\/\/agencejyla.fr\/wp-content\/uploads\/2023\/09\/LOGO2.png","contentUrl":"https:\/\/agencejyla.fr\/wp-content\/uploads\/2023\/09\/LOGO2.png","width":5000,"height":5000,"caption":"Agence jyla"},"image":{"@id":"https:\/\/agencejyla.fr\/#\/schema\/logo\/image\/"},"sameAs":["https:\/\/www.facebook.com\/profile.php?id=61550855506717&mibextid=9R9pXO","https:\/\/www.instagram.com\/agencejyla\/"]}]}},"_links":{"self":[{"href":"https:\/\/agencejyla.fr\/index.php\/wp-json\/wp\/v2\/pages\/1498","targetHints":{"allow":["GET"]}}],"collection":[{"href":"https:\/\/agencejyla.fr\/index.php\/wp-json\/wp\/v2\/pages"}],"about":[{"href":"https:\/\/agencejyla.fr\/index.php\/wp-json\/wp\/v2\/types\/page"}],"author":[{"embeddable":true,"href":"https:\/\/agencejyla.fr\/index.php\/wp-json\/wp\/v2\/users\/1"}],"replies":[{"embeddable":true,"href":"https:\/\/agencejyla.fr\/index.php\/wp-json\/wp\/v2\/comments?post=1498"}],"version-history":[{"count":10,"href":"https:\/\/agencejyla.fr\/index.php\/wp-json\/wp\/v2\/pages\/1498\/revisions"}],"predecessor-version":[{"id":1509,"href":"https:\/\/agencejyla.fr\/index.php\/wp-json\/wp\/v2\/pages\/1498\/revisions\/1509"}],"wp:attachment":[{"href":"https:\/\/agencejyla.fr\/index.php\/wp-json\/wp\/v2\/media?parent=1498"}],"curies":[{"name":"wp","href":"https:\/\/api.w.org\/{rel}","templated":true}]}}